{"id":3,"date":"2025-04-27T14:50:19","date_gmt":"2025-04-27T12:50:19","guid":{"rendered":"https:\/\/qwork.top\/home\/?page_id=3"},"modified":"2025-04-27T22:42:40","modified_gmt":"2025-04-27T20:42:40","slug":"datenschutz","status":"publish","type":"page","link":"https:\/\/qwork.top\/home\/datenschutz\/","title":{"rendered":"Datenschutz"},"content":{"rendered":"\n<div class=\"wp-block-stackable-text stk-block-text stk-block stk-77171e2\" data-block-id=\"77171e2\"><p class=\"stk-block-text__text\"><em>Diese Datenschutzhinweise wurden zuletzt am 01.06.2023 aktualisiert und gelten f\u00fcr B\u00fcrger und Personen mit st\u00e4ndigem Wohnsitz im Europ\u00e4ischen Wirtschaftsraum und der Schweiz.<\/em><\/p><\/div>\n\n\n\n<div class=\"wp-block-stackable-text stk-block-text stk-block stk-06ebe79\" data-block-id=\"06ebe79\"><p class=\"stk-block-text__text\">In diesen Datenschutzhinweisen erkl\u00e4ren wir was wir mit den Daten, die wir \u00fcber dich via <a href=\"https:\/\/qwork.top\">https:\/\/qwork.top<\/a> gesammelt haben, tun. Wir empfehlen dir, dieses Dokument sorgf\u00e4ltig zu lesen. W\u00e4hrend unserer Verarbeitung entsprechen wir den gesetzlichen Anforderungen. Dies bedeutet unter anderem:<\/p><\/div>\n\n\n\n<ul class=\"wp-block-list\">\n<li>Wir geben klar die Zwecke f\u00fcr die wir pers\u00f6nliche Daten verarbeiten, an. Dies geschieht durch diese Datenschutzhinweise.<\/li>\n\n\n\n<li>Wir zielen darauf ab, unsere Sammlung von pers\u00f6nlichen Daten auf jene pers\u00f6nliche Daten zu beschr\u00e4nken, die aus legitimen Gr\u00fcnden ben\u00f6tigt werden.<\/li>\n\n\n\n<li>Wir werden zun\u00e4chst dein explizites Einverst\u00e4ndnis einholen, wenn dies notwendig sein sollte, um deine pers\u00f6nlichen Daten zu verarbeiten.<\/li>\n\n\n\n<li>Wir unternehmen angemessene Sicherheitsma\u00dfnahmen um deine pers\u00f6nlichen Daten zu sch\u00fctzen und verlangen dies ebenso von Parteien, die pers\u00f6nliche Daten in unserem Auftrag verarbeiten.<\/li>\n\n\n\n<li>Wir respektieren dein Recht auf Einsichtnahme, Berichtigung oder L\u00f6schung deiner personenbezogenen Daten.<\/li>\n<\/ul>\n\n\n\n<div class=\"wp-block-stackable-text stk-block-text stk-block stk-6c4fa0c\" data-block-id=\"6c4fa0c\"><p class=\"stk-block-text__text\">Wenn du Fragen hast oder wissen m\u00f6chtest, welche pers\u00f6nlichen Daten wir \u00fcber dich haben, kontaktiere uns bitte.<\/p><\/div>\n\n\n\n<div class=\"wp-block-stackable-heading stk-block-heading stk-block-heading--v2 stk-block stk-1826280\" id=\"1-zweck-daten-und-aufbewahrungsfrist\" data-block-id=\"1826280\"><h2 class=\"stk-block-heading__text\">1. Zweck, Daten und Aufbewahrungsfrist<\/h2><\/div>\n\n\n\n<div class=\"wp-block-stackable-text stk-block-text stk-block stk-ed42d17\" data-block-id=\"ed42d17\"><p class=\"stk-block-text__text\">Wir k\u00f6nnen personenbezogene Daten f\u00fcr eine Reihe von Zwecken im Zusammenhang mit unserer Gesch\u00e4ftst\u00e4tigkeit sammeln oder erhalten, darunter die folgenden: (zum Vergr\u00f6\u00dfern anklicken)<\/p><\/div>\n\n\n\n<div class=\"wp-block-stackable-text stk-block-text stk-block stk-e293b22\" data-block-id=\"e293b22\"><p class=\"stk-block-text__text\"><strong>1.1 Kontakt \u2013 per Telefon, Post, E-Mail und\/oder Webformate<\/strong><\/p><\/div>\n\n\n\n<div class=\"wp-block-stackable-text stk-block-text stk-block stk-989e643\" data-block-id=\"989e643\"><p class=\"stk-block-text__text\">Zu diesem Zweck verwenden wir die folgenden Daten:<\/p><\/div>\n\n\n\n<ul class=\"wp-block-list\">\n<li>Ein Vor- und Nachname<\/li>\n\n\n\n<li>Ein Zuhause oder andere physische Adresse, einschlie\u00dflich Stra\u00dfenname und Name der Stadt\/Ort<\/li>\n\n\n\n<li>Eine E-Mail-Adresse<\/li>\n\n\n\n<li>Eine Telefonnummer<\/li>\n\n\n\n<li>IP-Adresse<\/li>\n<\/ul>\n\n\n\n<div class=\"wp-block-stackable-text stk-block-text stk-block stk-89b6ce3\" data-block-id=\"89b6ce3\"><p class=\"stk-block-text__text\">Die Grundlage, auf der wir diese Daten verarbeiten k\u00f6nnen, ist:<\/p><\/div>\n\n\n\n<div class=\"wp-block-stackable-text stk-block-text stk-block stk-5eeacb1\" data-block-id=\"5eeacb1\"><p class=\"stk-block-text__text\"><a target=\"_blank\" rel=\"noreferrer noopener\" href=\"https:\/\/cookiedatabase.org\/legal-bases\/#consent\">Nach Erteilung der Zustimmung.<\/a><\/p><\/div>\n\n\n\n<div class=\"wp-block-stackable-text stk-block-text stk-block stk-53d8cec\" data-block-id=\"53d8cec\"><p class=\"stk-block-text__text\">Bewahrungsfrist<\/p><\/div>\n\n\n\n<div class=\"wp-block-stackable-text stk-block-text stk-block stk-0d0fc73\" data-block-id=\"0d0fc73\"><p class=\"stk-block-text__text\">Wir speichern diese Daten bis zur Beendigung des Dienstes.<\/p><\/div>\n\n\n\n<div class=\"wp-block-stackable-text stk-block-text stk-block stk-989c508\" data-block-id=\"989c508\"><p class=\"stk-block-text__text\"><strong>1.2 Zahlungen<\/strong><\/p><\/div>\n\n\n\n<div class=\"wp-block-stackable-text stk-block-text stk-block stk-e5fe8cf\" data-block-id=\"e5fe8cf\"><p class=\"stk-block-text__text\">Zu diesem Zweck verwenden wir die folgenden Daten:<\/p><\/div>\n\n\n\n<ul class=\"wp-block-list\">\n<li>Ein Vor- und Nachname<\/li>\n\n\n\n<li>Ein Zuhause oder andere physische Adresse, einschlie\u00dflich Stra\u00dfenname und Name der Stadt\/Ort<\/li>\n\n\n\n<li>Eine E-Mail-Adresse<\/li>\n\n\n\n<li>Eine Telefonnummer<\/li>\n\n\n\n<li>IP-Adresse<\/li>\n<\/ul>\n\n\n\n<div class=\"wp-block-stackable-text stk-block-text stk-block stk-ab70e07\" data-block-id=\"ab70e07\"><p class=\"stk-block-text__text\">Die Grundlage, auf der wir diese Daten verarbeiten k\u00f6nnen, ist:<\/p><\/div>\n\n\n\n<div class=\"wp-block-stackable-text stk-block-text stk-block stk-e5750cc\" data-block-id=\"e5750cc\"><p class=\"stk-block-text__text\"><a target=\"_blank\" rel=\"noreferrer noopener\" href=\"https:\/\/cookiedatabase.org\/legal-bases\/#obligation\">Zur Erf\u00fcllung einer gesetzlichen oder beh\u00f6rdlichen Verpflichtung<\/a><\/p><\/div>\n\n\n\n<div class=\"wp-block-stackable-text stk-block-text stk-block stk-e876a43\" data-block-id=\"e876a43\"><p class=\"stk-block-text__text\">Bewahrungsfrist<\/p><\/div>\n\n\n\n<div class=\"wp-block-stackable-text stk-block-text stk-block stk-f3c7ed8\" data-block-id=\"f3c7ed8\"><p class=\"stk-block-text__text\">Wir speichern diese Daten bei Beendigung des Dienstes f\u00fcr die folgenden Monate: 120<\/p><\/div>\n\n\n\n<div class=\"wp-block-stackable-text stk-block-text stk-block stk-608ae6f\" data-block-id=\"608ae6f\"><p class=\"stk-block-text__text\"><strong>1.3 Registrierung eines Kontos<\/strong><\/p><\/div>\n\n\n\n<div class=\"wp-block-stackable-text stk-block-text stk-block stk-dc29525\" data-block-id=\"dc29525\"><p class=\"stk-block-text__text\">Zu diesem Zweck verwenden wir die folgenden Daten:<\/p><\/div>\n\n\n\n<ul class=\"wp-block-list\">\n<li>Ein Vor- und Nachname<\/li>\n\n\n\n<li>Name oder Pseudonym des Kontos<\/li>\n\n\n\n<li>Ein Zuhause oder andere physische Adresse, einschlie\u00dflich Stra\u00dfenname und Name der Stadt\/Ort<\/li>\n\n\n\n<li>Eine E-Mail-Adresse<\/li>\n\n\n\n<li>Eine Telefonnummer<\/li>\n\n\n\n<li>IP-Adresse<\/li>\n<\/ul>\n\n\n\n<div class=\"wp-block-stackable-text stk-block-text stk-block stk-32c0a57\" data-block-id=\"32c0a57\"><p class=\"stk-block-text__text\">Die Grundlage, auf der wir diese Daten verarbeiten k\u00f6nnen, ist:<\/p><\/div>\n\n\n\n<div class=\"wp-block-stackable-text stk-block-text stk-block stk-7d27d95\" data-block-id=\"7d27d95\"><p class=\"stk-block-text__text\"><a target=\"_blank\" rel=\"noreferrer noopener\" href=\"https:\/\/cookiedatabase.org\/legal-bases\/#agreement\">F\u00fcr die Ausf\u00fchrung eines Vertrags oder f\u00fcr vorbereitende Verfahren im Zusammenhang mit einem Vertrag, an dem die betroffene Person beteiligt ist, erforderlich.<\/a><\/p><\/div>\n\n\n\n<div class=\"wp-block-stackable-text stk-block-text stk-block stk-e0215ab\" data-block-id=\"e0215ab\"><p class=\"stk-block-text__text\">Bewahrungsfrist<\/p><\/div>\n\n\n\n<div class=\"wp-block-stackable-text stk-block-text stk-block stk-b61fe36\" data-block-id=\"b61fe36\"><p class=\"stk-block-text__text\">Wir speichern diese Daten bis zur Beendigung des Dienstes.<\/p><\/div>\n\n\n\n<div class=\"wp-block-stackable-text stk-block-text stk-block stk-9ca4c18\" data-block-id=\"9ca4c18\"><p class=\"stk-block-text__text\"><strong>1.4 Zur Unterst\u00fctzung von Dienstleistungen oder Produkten, die ein Kunde kaufen m\u00f6chte oder gekauft hat<\/strong><\/p><\/div>\n\n\n\n<div class=\"wp-block-stackable-text stk-block-text stk-block stk-606f2d6\" data-block-id=\"606f2d6\"><p class=\"stk-block-text__text\">Zu diesem Zweck verwenden wir die folgenden Daten:<\/p><\/div>\n\n\n\n<ul class=\"wp-block-list\">\n<li>Ein Vor- und Nachname<\/li>\n\n\n\n<li>Name oder Pseudonym des Kontos<\/li>\n<\/ul>\n\n\n\n<div class=\"wp-block-stackable-text stk-block-text stk-block stk-de4a95b\" data-block-id=\"de4a95b\"><p class=\"stk-block-text__text\">Die Grundlage, auf der wir diese Daten verarbeiten k\u00f6nnen, ist:<\/p><\/div>\n\n\n\n<div class=\"wp-block-stackable-text stk-block-text stk-block stk-bc2a51d\" data-block-id=\"bc2a51d\"><p class=\"stk-block-text__text\"><a target=\"_blank\" rel=\"noreferrer noopener\" href=\"https:\/\/cookiedatabase.org\/legal-bases\/#consent\">Nach Erteilung der Zustimmung.<\/a><\/p><\/div>\n\n\n\n<div class=\"wp-block-stackable-text stk-block-text stk-block stk-ab0e64b\" data-block-id=\"ab0e64b\"><p class=\"stk-block-text__text\">Bewahrungsfrist<\/p><\/div>\n\n\n\n<div class=\"wp-block-stackable-text stk-block-text stk-block stk-a08456b\" data-block-id=\"a08456b\"><p class=\"stk-block-text__text\">Wir speichern diese Daten bis zur Beendigung des Dienstes.<\/p><\/div>\n\n\n\n<div class=\"wp-block-stackable-heading stk-block-heading stk-block-heading--v2 stk-block stk-61751e1\" id=\"2-cookies\" data-block-id=\"61751e1\"><h2 class=\"stk-block-heading__text\">2. Cookies<\/h2><\/div>\n\n\n\n<div class=\"wp-block-stackable-text stk-block-text stk-block stk-60b18a7\" data-block-id=\"60b18a7\"><p class=\"stk-block-text__text\">Unsere Website benutzt Cookies. Cookies richten auf Ihrem Rechner keinen Schaden an und enthalten keine Viren. Cookies dienen dazu, unser Angebot nutzerfreundlicher, effektiver und sicherer zu machen. Cookies sind kleine Textdateien, die auf Ihrem Rechner abgelegt werden und die Ihr Browser speichert.<\/p><\/div>\n\n\n\n<div class=\"wp-block-stackable-text stk-block-text stk-block stk-605f507\" data-block-id=\"605f507\"><p class=\"stk-block-text__text\">Die meisten der von uns verwendeten Cookies sind so genannte \u201eSession-Cookies\u201c. Sie werden nach Ende Ihres Besuchs automatisch gel\u00f6scht. Andere Cookies bleiben auf Ihrem Endger\u00e4t gespeichert, bis Sie diese l\u00f6schen. Diese Cookies erm\u00f6glichen es uns, Ihren Browser beim n\u00e4chsten Besuch wiederzuerkennen.<\/p><\/div>\n\n\n\n<div class=\"wp-block-stackable-text stk-block-text stk-block stk-4807033\" data-block-id=\"4807033\"><p class=\"stk-block-text__text\">Sie k\u00f6nnen Ihren Browser so einstellen, dass Sie \u00fcber das Setzen von Cookies informiert werden und Cookies nur im Einzelfall erlauben, die Annahme von Cookies f\u00fcr bestimmte F\u00e4lle oder generell ausschlie\u00dfen sowie das automatische L\u00f6schen der Cookies beim Schlie\u00dfen des Browser aktivieren. Bei der Deaktivierung von Cookies kann die Funktionalit\u00e4t dieser Website eingeschr\u00e4nkt sein.<\/p><\/div>\n\n\n\n<div class=\"wp-block-stackable-heading stk-block-heading stk-block-heading--v2 stk-block stk-9046909\" id=\"3-offenlegungspraktiken\" data-block-id=\"9046909\"><h2 class=\"stk-block-heading__text\">3. Offenlegungspraktiken<\/h2><\/div>\n\n\n\n<div class=\"wp-block-stackable-text stk-block-text stk-block stk-adaf29d\" data-block-id=\"adaf29d\"><p class=\"stk-block-text__text\">Wir legen personenbezogene Daten offen, wenn wir gesetzlich oder per Gerichtsbeschluss dazu verpflichtet sind, z. B. auf Anforderung einer Strafverfolgungsbeh\u00f6rde, soweit dies im Rahmen der gesetzlichen Bestimmungen zul\u00e4ssig ist, um Ausk\u00fcnfte zu erteilen, oder f\u00fcr eine Untersuchung in einer Angelegenheit, die die \u00f6ffentliche Sicherheit betrifft.<\/p><\/div>\n\n\n\n<div class=\"wp-block-stackable-text stk-block-text stk-block stk-11eec0f\" data-block-id=\"11eec0f\"><p class=\"stk-block-text__text\">Wenn unsere Website oder unser Unternehmen im Rahmen einer Fusion oder \u00dcbernahme \u00fcbernommen oder verkauft wird, k\u00f6nnen deinen Daten unseren Beratern und potenziellen K\u00e4ufern offengelegt und an die neuen Eigent\u00fcmer \u00fcbermittelt werden.<\/p><\/div>\n\n\n\n<div class=\"wp-block-stackable-heading stk-block-heading stk-block-heading--v2 stk-block stk-1eb4cba\" id=\"4-sicherheit\" data-block-id=\"1eb4cba\"><h2 class=\"stk-block-heading__text\">4. Sicherheit<\/h2><\/div>\n\n\n\n<div class=\"wp-block-stackable-text stk-block-text stk-block stk-2e13d05\" data-block-id=\"2e13d05\"><p class=\"stk-block-text__text\">Wir sind der Sicherheit pers\u00f6nlicher Daten verpflichtet. Wir unternehmen angemessene Sicherheitsma\u00dfnahmen um Missbrauch von und unauthorisierten Zugriff auf pers\u00f6nliche Daten zu begrenzen. Dies stellt sicher, dass nur notwendige Personen Zugriff auf deine Daten erhalten, dieser Zugriff gesch\u00fctzt ist und dass unsere Sicherheitsma\u00dfnahmen regelm\u00e4\u00dfig gepr\u00fcft werden.<\/p><\/div>\n\n\n\n<div class=\"wp-block-stackable-heading stk-block-heading stk-block-heading--v2 stk-block stk-886d3e6\" id=\"5-websites-von-drittanbietern\" data-block-id=\"886d3e6\"><h2 class=\"stk-block-heading__text\">5. Websites von Drittanbietern<\/h2><\/div>\n\n\n\n<div class=\"wp-block-stackable-text stk-block-text stk-block stk-685d0f3\" data-block-id=\"685d0f3\"><p class=\"stk-block-text__text\">Diese Datenschutzhinweise gelten nicht f\u00fcr Websites von Drittparteien, die durch Links auf unserer Website verbunden sind. Wir k\u00f6nnen nicht garantieren, dass diese Drittanbieter deine pers\u00f6nlichen Daten in verl\u00e4sslicher oder sicherer Weise behandeln. Wir empfehlen dir, die Datenschutzhinweise dieser Websites vor deren Nutzung zu lesen.<\/p><\/div>\n\n\n\n<div class=\"wp-block-stackable-heading stk-block-heading stk-block-heading--v2 stk-block stk-0694e63\" id=\"6-erganzungen-zu-diesen-datenschutzhinweisen\" data-block-id=\"0694e63\"><h2 class=\"stk-block-heading__text\">6. Erg\u00e4nzungen zu diesen Datenschutzhinweisen<\/h2><\/div>\n\n\n\n<div class=\"wp-block-stackable-text stk-block-text stk-block stk-d36f63f\" data-block-id=\"d36f63f\"><p class=\"stk-block-text__text\">Wir behalten uns das Recht vor, \u00c4nderungen an diesen Datenschutzhinweisen vorzunehmen. Es wird empfohlen, diese Datenschutzhinweise regelm\u00e4\u00dfig zu lesen, um sich \u00fcber \u00c4nderungen zu informieren. Dar\u00fcber hinaus informieren wir dich wo immer m\u00f6glich.<\/p><\/div>\n\n\n\n<div class=\"wp-block-stackable-heading stk-block-heading stk-block-heading--v2 stk-block stk-a12e09f\" id=\"7-zugriff-und-bearbeitung-deiner-daten\" data-block-id=\"a12e09f\"><h2 class=\"stk-block-heading__text\">7. Zugriff und Bearbeitung deiner Daten<\/h2><\/div>\n\n\n\n<div class=\"wp-block-stackable-text stk-block-text stk-block stk-51179ea\" data-block-id=\"51179ea\"><p class=\"stk-block-text__text\">Wenn du Fragen hast oder wissen m\u00f6chtest, welche pers\u00f6nlichen Daten wir \u00fcber dich haben, kontaktiere uns bitte. Du kannst uns mittels der unten stehenden Informationen erreichen. Du hast die folgenden Rechte:<\/p><\/div>\n\n\n\n<ul class=\"wp-block-list\">\n<li>Du hast das Recht zu wissen, warum deine pers\u00f6nlichen Daten gebraucht werden, was mit ihnen passiert und wie lange diese verwahrt werden.<\/li>\n\n\n\n<li>Zugriffsrecht: Du hast das Recht deine uns bekannten pers\u00f6nliche Daten einzusehen.<\/li>\n\n\n\n<li>Recht auf Berichtigung: Du hast das Recht wann immer du w\u00fcnscht, deine pers\u00f6nlichen Daten zu erg\u00e4nzen, zu korrigieren sowie gel\u00f6scht oder blockiert zu bekommen.<\/li>\n\n\n\n<li>Wenn du uns dein Einverst\u00e4ndnis zur Verarbeitung deiner Daten gegeben hast, hast du das Recht dieses Einverst\u00e4ndnis zu widerrufen und deine pers\u00f6nlichen Daten l\u00f6schen zu lassen.<\/li>\n\n\n\n<li>Recht auf Datentransfer deiner Daten: Du hast das Recht, alle deine pers\u00f6nlichen Daten von einem Verantwortlichen anzufordern und in ihrer Gesamtheit zu einem anderen Verantwortlichen zu transferieren.<\/li>\n\n\n\n<li>Widerspruchsrecht: Du kannst der Verarbeitung deiner Daten widersprechen. Wir entsprechen dem, es sei denn es gibt berechtigte Gr\u00fcnde f\u00fcr die Verarbeitung.<\/li>\n<\/ul>\n\n\n\n<div class=\"wp-block-stackable-text stk-block-text stk-block stk-8442e97\" data-block-id=\"8442e97\"><p class=\"stk-block-text__text\">Bitte stelle sicher, dass du immer klar angibst, wer du bist, sodass wir sicher sein k\u00f6nnen nicht die Daten der falschen Person zu bearbeiten oder zu l\u00f6schen.<\/p><\/div>\n\n\n\n<div class=\"wp-block-stackable-heading stk-block-heading stk-block-heading--v2 stk-block stk-c221752\" id=\"8-eine-beschwerde-ubermitteln\" data-block-id=\"c221752\"><h2 class=\"stk-block-heading__text\">8. Eine Beschwerde \u00fcbermitteln<\/h2><\/div>\n\n\n\n<div class=\"wp-block-stackable-text stk-block-text stk-block stk-26b8e9d\" data-block-id=\"26b8e9d\"><p class=\"stk-block-text__text\">Wenn du nicht zufrieden mit der Art und Weise bist, in der wir (deine Beschwerde) die Verarbeitung deiner pers\u00f6nlichen Daten handhaben, hast du das Recht eine Beschwerde an die Datenschutzbeh\u00f6rde zu richten.<\/p><\/div>\n\n\n\n<div class=\"wp-block-stackable-heading stk-block-heading stk-block-heading--v2 stk-block stk-4be6cf7\" id=\"9-kontaktdaten\" data-block-id=\"4be6cf7\"><h2 class=\"stk-block-heading__text\">9. Kontaktdaten<\/h2><\/div>\n\n\n\n<div class=\"wp-block-stackable-text stk-block-text stk-block stk-4bd856e\" data-block-id=\"4bd856e\"><p class=\"stk-block-text__text\">Wolf<br>QWork.top &#8211; Holger Wolf, Duttenhoferstrasse 5, 78628 Rottweil<br>Deutschland<br>Website: https:\/\/qwork.top<br>E-Mail: support@qwork.top<br>Telefonnummer: 0176 77 20 88 55<br><strong>Anfragen werden ausschlie\u00dflich per E-Mail beantwortet<\/strong>.<\/p><\/div>\n","protected":false},"excerpt":{"rendered":"<p>Diese Datenschutzhinweise wurden zuletzt am 01.06.2023 aktualisiert und gelten f\u00fcr B\u00fcrger und Personen mit st\u00e4ndigem Wohnsitz im Europ\u00e4ischen Wirtschaftsraum und der Schweiz. In diesen Datenschutzhinweisen erkl\u00e4ren wir was wir mit den Daten, die wir \u00fcber dich via https:\/\/qwork.top gesammelt haben, tun. Wir empfehlen dir, dieses Dokument sorgf\u00e4ltig zu lesen. W\u00e4hrend unserer Verarbeitung entsprechen wir den [&hellip;]<\/p>\n","protected":false},"author":1,"featured_media":0,"parent":0,"menu_order":0,"comment_status":"closed","ping_status":"closed","template":"","meta":{"footnotes":""},"class_list":["post-3","page","type-page","status-publish","hentry"],"blocksy_meta":[],"_links":{"self":[{"href":"https:\/\/qwork.top\/home\/wp-json\/wp\/v2\/pages\/3","targetHints":{"allow":["GET"]}}],"collection":[{"href":"https:\/\/qwork.top\/home\/wp-json\/wp\/v2\/pages"}],"about":[{"href":"https:\/\/qwork.top\/home\/wp-json\/wp\/v2\/types\/page"}],"author":[{"embeddable":true,"href":"https:\/\/qwork.top\/home\/wp-json\/wp\/v2\/users\/1"}],"replies":[{"embeddable":true,"href":"https:\/\/qwork.top\/home\/wp-json\/wp\/v2\/comments?post=3"}],"version-history":[{"count":1,"href":"https:\/\/qwork.top\/home\/wp-json\/wp\/v2\/pages\/3\/revisions"}],"predecessor-version":[{"id":852,"href":"https:\/\/qwork.top\/home\/wp-json\/wp\/v2\/pages\/3\/revisions\/852"}],"wp:attachment":[{"href":"https:\/\/qwork.top\/home\/wp-json\/wp\/v2\/media?parent=3"}],"curies":[{"name":"wp","href":"https:\/\/api.w.org\/{rel}","templated":true}]}}